{"id":406,"date":"2019-10-29T14:19:20","date_gmt":"2019-10-29T14:19:20","guid":{"rendered":"https:\/\/bridge279.qodeinteractive.com\/?page_id=406"},"modified":"2025-07-31T11:07:17","modified_gmt":"2025-07-31T09:07:17","slug":"about","status":"publish","type":"page","link":"https:\/\/aeriscrm.com\/?page_id=406","title":{"rendered":"About"},"content":{"rendered":"\t\t<div data-elementor-type=\"wp-page\" data-elementor-id=\"406\" class=\"elementor elementor-406\" data-elementor-post-type=\"page\">\n\t\t\t\t\t\t<section class=\"elementor-section elementor-top-section elementor-element elementor-element-c9e521d elementor-section-full_width elementor-section-height-default elementor-section-height-default parallax_section_no qode_elementor_container_no\" data-id=\"c9e521d\" data-element_type=\"section\" data-settings=\"{&quot;background_background&quot;:&quot;classic&quot;}\">\n\t\t\t\t\t\t<div class=\"elementor-container elementor-column-gap-default\">\n\t\t\t\t\t<div class=\"elementor-column elementor-col-100 elementor-top-column elementor-element elementor-element-77b60ba\" data-id=\"77b60ba\" data-element_type=\"column\">\n\t\t\t<div class=\"elementor-widget-wrap elementor-element-populated\">\n\t\t\t\t\t\t<section class=\"elementor-section elementor-inner-section elementor-element elementor-element-ee23af3 elementor-section-full_width qode_elementor_container_inner elementor-section-height-default elementor-section-height-default parallax_section_no\" data-id=\"ee23af3\" data-element_type=\"section\">\n\t\t\t\t\t\t<div class=\"elementor-container elementor-column-gap-no\">\n\t\t\t\t\t<div class=\"elementor-column elementor-col-100 elementor-inner-column elementor-element elementor-element-be2fa80\" data-id=\"be2fa80\" data-element_type=\"column\">\n\t\t\t<div class=\"elementor-widget-wrap elementor-element-populated\">\n\t\t\t\t\t\t<div class=\"elementor-element elementor-element-b809ef7 elementor-widget elementor-widget-spacer\" data-id=\"b809ef7\" data-element_type=\"widget\" data-widget_type=\"spacer.default\">\n\t\t\t\t<div class=\"elementor-widget-container\">\n\t\t\t\t\t\t\t<div class=\"elementor-spacer\">\n\t\t\t<div class=\"elementor-spacer-inner\"><\/div>\n\t\t<\/div>\n\t\t\t\t\t\t<\/div>\n\t\t\t\t<\/div>\n\t\t\t\t<div class=\"elementor-element elementor-element-f42537a elementor-widget elementor-widget-image\" data-id=\"f42537a\" data-element_type=\"widget\" data-widget_type=\"image.default\">\n\t\t\t\t<div class=\"elementor-widget-container\">\n\t\t\t\t\t\t\t\t\t\t\t\t\t\t\t<img fetchpriority=\"high\" decoding=\"async\" width=\"1242\" height=\"466\" src=\"https:\/\/aeriscrm.com\/wp-content\/uploads\/2019\/10\/about-img-1.png\" class=\"attachment-full size-full wp-image-441\" alt=\"i\" srcset=\"https:\/\/aeriscrm.com\/wp-content\/uploads\/2019\/10\/about-img-1.png 1242w, https:\/\/aeriscrm.com\/wp-content\/uploads\/2019\/10\/about-img-1-300x113.png 300w, https:\/\/aeriscrm.com\/wp-content\/uploads\/2019\/10\/about-img-1-1024x384.png 1024w, https:\/\/aeriscrm.com\/wp-content\/uploads\/2019\/10\/about-img-1-768x288.png 768w, https:\/\/aeriscrm.com\/wp-content\/uploads\/2019\/10\/about-img-1-700x263.png 700w\" sizes=\"(max-width: 1242px) 100vw, 1242px\" \/>\t\t\t\t\t\t\t\t\t\t\t\t\t\t\t<\/div>\n\t\t\t\t<\/div>\n\t\t\t\t\t<\/div>\n\t\t<\/div>\n\t\t\t\t\t<\/div>\n\t\t<\/section>\n\t\t\t\t<section class=\"elementor-section elementor-inner-section elementor-element elementor-element-b1be495 elementor-section-full_width qode_elementor_container_inner elementor-section-height-default elementor-section-height-default parallax_section_no\" data-id=\"b1be495\" data-element_type=\"section\">\n\t\t\t\t\t\t<div class=\"elementor-container elementor-column-gap-default\">\n\t\t\t\t\t<div class=\"elementor-column elementor-col-100 elementor-inner-column elementor-element elementor-element-6c0e2be\" data-id=\"6c0e2be\" data-element_type=\"column\">\n\t\t\t<div class=\"elementor-widget-wrap elementor-element-populated\">\n\t\t\t\t\t\t<div class=\"elementor-element elementor-element-1940a18 elementor-widget elementor-widget-heading\" data-id=\"1940a18\" data-element_type=\"widget\" data-widget_type=\"heading.default\">\n\t\t\t\t<div class=\"elementor-widget-container\">\n\t\t\t\t\t<h6 class=\"elementor-heading-title elementor-size-default\">AERIS CRM<\/h6>\t\t\t\t<\/div>\n\t\t\t\t<\/div>\n\t\t\t\t<div class=\"elementor-element elementor-element-6e5f899 elementor-widget elementor-widget-spacer\" data-id=\"6e5f899\" data-element_type=\"widget\" data-widget_type=\"spacer.default\">\n\t\t\t\t<div class=\"elementor-widget-container\">\n\t\t\t\t\t\t\t<div class=\"elementor-spacer\">\n\t\t\t<div class=\"elementor-spacer-inner\"><\/div>\n\t\t<\/div>\n\t\t\t\t\t\t<\/div>\n\t\t\t\t<\/div>\n\t\t\t\t<div class=\"elementor-element elementor-element-a7a649c elementor-widget elementor-widget-heading\" data-id=\"a7a649c\" data-element_type=\"widget\" data-widget_type=\"heading.default\">\n\t\t\t\t<div class=\"elementor-widget-container\">\n\t\t\t\t\t<h1 class=\"elementor-heading-title elementor-size-default\">Nacemos para ayudarte<\/h1>\t\t\t\t<\/div>\n\t\t\t\t<\/div>\n\t\t\t\t<div class=\"elementor-element elementor-element-787f928 elementor-widget elementor-widget-spacer\" data-id=\"787f928\" data-element_type=\"widget\" data-widget_type=\"spacer.default\">\n\t\t\t\t<div class=\"elementor-widget-container\">\n\t\t\t\t\t\t\t<div class=\"elementor-spacer\">\n\t\t\t<div class=\"elementor-spacer-inner\"><\/div>\n\t\t<\/div>\n\t\t\t\t\t\t<\/div>\n\t\t\t\t<\/div>\n\t\t\t\t<div class=\"elementor-element elementor-element-f470f8a elementor-widget elementor-widget-text-editor\" data-id=\"f470f8a\" data-element_type=\"widget\" data-widget_type=\"text-editor.default\">\n\t\t\t\t<div class=\"elementor-widget-container\">\n\t\t\t\t\t\t\t\t\t<h3 style=\"text-align: center;\">La herramienta ideal para simplificar la gesti\u00f3n comercial de tu empresa<\/h3><div>\u00a0<\/div><p style=\"text-align: center;\">\u00a0<\/p><p data-start=\"236\" data-end=\"371\">No importa si eres aut\u00f3nomo, tienes una PYME o diriges una empresa con m\u00e1s de mil empleados: esta aplicaci\u00f3n est\u00e1 hecha pensando en ti.<\/p><p data-start=\"373\" data-end=\"573\">Lleva el control total de tu gesti\u00f3n comercial desde donde est\u00e9s, ya sea en tu celular, tablet o computadora. Automatiza tareas, organiza mejor tu operaci\u00f3n y haz que todo funcione m\u00e1s f\u00e1cil y r\u00e1pido.<\/p><p>Perfecta para quienes venden servicios como luz, gas, telefon\u00eda y m\u00e1s<\/p><p>\u00a0<\/p><p data-start=\"650\" data-end=\"717\">Creamos una suite completa que transforma la forma en que trabajas:<\/p><p><img decoding=\"async\" class=\"emoji\" role=\"img\" draggable=\"false\" src=\"https:\/\/s.w.org\/images\/core\/emoji\/16.0.1\/svg\/1f4ca.svg\" alt=\"\ud83d\udcca\" \/> Personaliza precios y genera comparativas en segundos.<br data-start=\"776\" data-end=\"779\" \/><img decoding=\"async\" class=\"emoji\" role=\"img\" draggable=\"false\" src=\"https:\/\/s.w.org\/images\/core\/emoji\/16.0.1\/svg\/1f4bc.svg\" alt=\"\ud83d\udcbc\" \/> Asigna comisiones a cada comercial y monitorea su desempe\u00f1o en tiempo real.<br data-start=\"857\" data-end=\"860\" \/><img decoding=\"async\" class=\"emoji\" role=\"img\" draggable=\"false\" src=\"https:\/\/s.w.org\/images\/core\/emoji\/16.0.1\/svg\/1f4c1.svg\" alt=\"\ud83d\udcc1\" \/> Administra todos tus contratos desde un solo lugar.<\/p><p>\u00a0<\/p><h3 style=\"text-align: center;\" data-start=\"916\" data-end=\"975\">Creada con base en lo que realmente necesita tu negocio<\/h3><div>\u00a0<\/div><p data-start=\"977\" data-end=\"1099\">Nos sentamos con empresas como la tuya para entender c\u00f3mo es su d\u00eda a d\u00eda y qu\u00e9 herramientas les har\u00edan la vida m\u00e1s f\u00e1cil.<\/p><p data-start=\"1101\" data-end=\"1257\">\u00bfEl resultado? Una soluci\u00f3n hecha a la medida, que te ayuda a enfrentar los retos reales de tu operaci\u00f3n y te da control total sobre tu equipo y tus ventas.<\/p><p data-start=\"1101\" data-end=\"1257\">\u00a0<\/p><h3 style=\"text-align: center;\" data-start=\"1259\" data-end=\"1302\">Todo lo que necesitas, en un solo lugar<\/h3><div>\u00a0<\/div><p data-start=\"1304\" data-end=\"1484\">Mejora el rendimiento de tu equipo comercial, toma decisiones mejor informadas y aumenta tu rentabilidad, todo desde una plataforma pr\u00e1ctica, visual e intuitiva, est\u00e9s donde est\u00e9s.<\/p>\t\t\t\t\t\t\t\t<\/div>\n\t\t\t\t<\/div>\n\t\t\t\t\t<\/div>\n\t\t<\/div>\n\t\t\t\t\t<\/div>\n\t\t<\/section>\n\t\t\t\t<div class=\"elementor-element elementor-element-db55842 elementor-widget elementor-widget-spacer\" data-id=\"db55842\" data-element_type=\"widget\" data-widget_type=\"spacer.default\">\n\t\t\t\t<div class=\"elementor-widget-container\">\n\t\t\t\t\t\t\t<div class=\"elementor-spacer\">\n\t\t\t<div class=\"elementor-spacer-inner\"><\/div>\n\t\t<\/div>\n\t\t\t\t\t\t<\/div>\n\t\t\t\t<\/div>\n\t\t\t\t<section class=\"elementor-section elementor-inner-section elementor-element elementor-element-2838732 elementor-section-full_width qode_elementor_container_inner elementor-section-height-default elementor-section-height-default parallax_section_no\" data-id=\"2838732\" data-element_type=\"section\">\n\t\t\t\t\t\t<div class=\"elementor-container elementor-column-gap-default\">\n\t\t\t\t\t<div class=\"elementor-column elementor-col-20 elementor-inner-column elementor-element elementor-element-435799f\" data-id=\"435799f\" data-element_type=\"column\">\n\t\t\t<div class=\"elementor-widget-wrap elementor-element-populated\">\n\t\t\t\t\t\t<div class=\"elementor-element elementor-element-403b564 elementor-widget elementor-widget-bridge_gradient_icon_with_text\" data-id=\"403b564\" data-element_type=\"widget\" data-widget_type=\"bridge_gradient_icon_with_text.default\">\n\t\t\t\t<div class=\"elementor-widget-container\">\n\t\t\t\t\t<div class=\"qode-giwt\">\n    <div class=\"qode-giwt-inner qode-type1-gradient-bottom-to-top-text-hover\">\n                    <a class=\"qode-iwt-link\" href=\"#\" target=\"_self\">\n                    <span class=\"qode-giwt-icon-holder\">\n                <span data-type=\"normal\"  class=\"qode_icon_shortcode  q_font_awsome_icon   \" style=\" \"><span aria-hidden=\"true\" class=\"qode_icon_font_elegant icon_heart qode_icon_element\" style=\"font-size: 35px;color: #f9d5c1;\" ><\/span><\/span>            <\/span>\n                    <\/a>\n                <div class=\"qode-giwt-content-holder\">\n            <div class=\"qode-giwt-title-holder\">\n                <h5 >\n                                            <a class=\"qode-iwt-link\"  href=\"#\" target=\"_self\">\n                                            Hecha para ti                                            <\/a>\n                                    <\/h5>\n            <\/div>\n        <\/div>\n    <\/div>\n<\/div>\t\t\t\t<\/div>\n\t\t\t\t<\/div>\n\t\t\t\t\t<\/div>\n\t\t<\/div>\n\t\t\t\t<div class=\"elementor-column elementor-col-20 elementor-inner-column elementor-element elementor-element-63e3be6\" data-id=\"63e3be6\" data-element_type=\"column\">\n\t\t\t<div class=\"elementor-widget-wrap elementor-element-populated\">\n\t\t\t\t\t\t<div class=\"elementor-element elementor-element-67b2202 elementor-widget elementor-widget-bridge_gradient_icon_with_text\" data-id=\"67b2202\" data-element_type=\"widget\" data-widget_type=\"bridge_gradient_icon_with_text.default\">\n\t\t\t\t<div class=\"elementor-widget-container\">\n\t\t\t\t\t<div class=\"qode-giwt\">\n    <div class=\"qode-giwt-inner qode-type1-gradient-bottom-to-top-text-hover\">\n                    <a class=\"qode-iwt-link\" href=\"#\" target=\"_self\">\n                    <span class=\"qode-giwt-icon-holder\">\n                <span data-type=\"normal\"  class=\"qode_icon_shortcode  q_font_awsome_icon   \" style=\" \"><span aria-hidden=\"true\" class=\"qode_icon_font_elegant icon_book qode_icon_element\" style=\"font-size: 35px;color: #f9d5c1;\" ><\/span><\/span>            <\/span>\n                    <\/a>\n                <div class=\"qode-giwt-content-holder\">\n            <div class=\"qode-giwt-title-holder\">\n                <h5 >\n                                            <a class=\"qode-iwt-link\"  href=\"#\" target=\"_self\">\n                                            Todo en un mismo lugar                                            <\/a>\n                                    <\/h5>\n            <\/div>\n        <\/div>\n    <\/div>\n<\/div>\t\t\t\t<\/div>\n\t\t\t\t<\/div>\n\t\t\t\t\t<\/div>\n\t\t<\/div>\n\t\t\t\t<div class=\"elementor-column elementor-col-20 elementor-inner-column elementor-element elementor-element-5e8eb6c\" data-id=\"5e8eb6c\" data-element_type=\"column\">\n\t\t\t<div class=\"elementor-widget-wrap elementor-element-populated\">\n\t\t\t\t\t\t<div class=\"elementor-element elementor-element-694451c elementor-widget elementor-widget-bridge_gradient_icon_with_text\" data-id=\"694451c\" data-element_type=\"widget\" data-widget_type=\"bridge_gradient_icon_with_text.default\">\n\t\t\t\t<div class=\"elementor-widget-container\">\n\t\t\t\t\t<div class=\"qode-giwt\">\n    <div class=\"qode-giwt-inner qode-type1-gradient-bottom-to-top-text-hover\">\n                    <a class=\"qode-iwt-link\" href=\"#\" target=\"_self\">\n                    <span class=\"qode-giwt-icon-holder\">\n                <span data-type=\"normal\"  class=\"qode_icon_shortcode  q_font_awsome_icon   \" style=\" \"><span aria-hidden=\"true\" class=\"qode_icon_font_elegant icon_group qode_icon_element\" style=\"font-size: 35px;color: #f9d5c1;\" ><\/span><\/span>            <\/span>\n                    <\/a>\n                <div class=\"qode-giwt-content-holder\">\n            <div class=\"qode-giwt-title-holder\">\n                <h5 >\n                                            <a class=\"qode-iwt-link\"  href=\"#\" target=\"_self\">\n                                            100% Intuitiva                                            <\/a>\n                                    <\/h5>\n            <\/div>\n        <\/div>\n    <\/div>\n<\/div>\t\t\t\t<\/div>\n\t\t\t\t<\/div>\n\t\t\t\t\t<\/div>\n\t\t<\/div>\n\t\t\t\t<div class=\"elementor-column elementor-col-20 elementor-inner-column elementor-element elementor-element-13b27d9\" data-id=\"13b27d9\" data-element_type=\"column\">\n\t\t\t<div class=\"elementor-widget-wrap elementor-element-populated\">\n\t\t\t\t\t\t<div class=\"elementor-element elementor-element-ecd9593 elementor-widget elementor-widget-bridge_gradient_icon_with_text\" data-id=\"ecd9593\" data-element_type=\"widget\" data-widget_type=\"bridge_gradient_icon_with_text.default\">\n\t\t\t\t<div class=\"elementor-widget-container\">\n\t\t\t\t\t<div class=\"qode-giwt\">\n    <div class=\"qode-giwt-inner qode-type1-gradient-bottom-to-top-text-hover\">\n                    <a class=\"qode-iwt-link\" href=\"#\" target=\"_self\">\n                    <span class=\"qode-giwt-icon-holder\">\n                <span data-type=\"normal\"  class=\"qode_icon_shortcode  q_font_awsome_icon   \" style=\" \"><span aria-hidden=\"true\" class=\"qode_icon_font_elegant icon_volume-high qode_icon_element\" style=\"font-size: 35px;color: #f9d5c1;\" ><\/span><\/span>            <\/span>\n                    <\/a>\n                <div class=\"qode-giwt-content-holder\">\n            <div class=\"qode-giwt-title-holder\">\n                <h5 >\n                                            <a class=\"qode-iwt-link\"  href=\"#\" target=\"_self\">\n                                            100% Adaptada                                            <\/a>\n                                    <\/h5>\n            <\/div>\n        <\/div>\n    <\/div>\n<\/div>\t\t\t\t<\/div>\n\t\t\t\t<\/div>\n\t\t\t\t\t<\/div>\n\t\t<\/div>\n\t\t\t\t<div class=\"elementor-column elementor-col-20 elementor-inner-column elementor-element elementor-element-f7aa11c\" data-id=\"f7aa11c\" data-element_type=\"column\">\n\t\t\t<div class=\"elementor-widget-wrap elementor-element-populated\">\n\t\t\t\t\t\t<div class=\"elementor-element elementor-element-bd49f88 elementor-widget elementor-widget-bridge_gradient_icon_with_text\" data-id=\"bd49f88\" data-element_type=\"widget\" data-widget_type=\"bridge_gradient_icon_with_text.default\">\n\t\t\t\t<div class=\"elementor-widget-container\">\n\t\t\t\t\t<div class=\"qode-giwt\">\n    <div class=\"qode-giwt-inner qode-type1-gradient-bottom-to-top-text-hover\">\n                    <a class=\"qode-iwt-link\" href=\"#\" target=\"_self\">\n                    <span class=\"qode-giwt-icon-holder\">\n                <span data-type=\"normal\"  class=\"qode_icon_shortcode  q_font_awsome_icon   \" style=\" \"><span aria-hidden=\"true\" class=\"qode_icon_font_elegant social_rss qode_icon_element\" style=\"font-size: 35px;color: #f9d5c1;\" ><\/span><\/span>            <\/span>\n                    <\/a>\n                <div class=\"qode-giwt-content-holder\">\n            <div class=\"qode-giwt-title-holder\">\n                <h5 >\n                                            <a class=\"qode-iwt-link\"  href=\"#\" target=\"_self\">\n                                            Mejoramos seg\u00fan tus necesidades                                            <\/a>\n                                    <\/h5>\n            <\/div>\n        <\/div>\n    <\/div>\n<\/div>\t\t\t\t<\/div>\n\t\t\t\t<\/div>\n\t\t\t\t\t<\/div>\n\t\t<\/div>\n\t\t\t\t\t<\/div>\n\t\t<\/section>\n\t\t\t\t\t<\/div>\n\t\t<\/div>\n\t\t\t\t\t<\/div>\n\t\t<\/section>\n\t\t\t\t<\/div>\n\t\t","protected":false},"excerpt":{"rendered":"<p>AERIS CRM Nacemos para ayudarte La herramienta ideal para simplificar la gesti\u00f3n comercial de tu empresa \u00a0 \u00a0 No importa si eres aut\u00f3nomo, tienes una PYME o diriges una empresa con m\u00e1s de mil empleados: esta aplicaci\u00f3n est\u00e1 hecha pensando en ti. Lleva el control&#8230;<\/p>\n","protected":false},"author":1,"featured_media":0,"parent":0,"menu_order":0,"comment_status":"closed","ping_status":"closed","template":"full_width.php","meta":{"content-type":"","footnotes":""},"class_list":["post-406","page","type-page","status-publish","hentry"],"_links":{"self":[{"href":"https:\/\/aeriscrm.com\/index.php?rest_route=\/wp\/v2\/pages\/406","targetHints":{"allow":["GET"]}}],"collection":[{"href":"https:\/\/aeriscrm.com\/index.php?rest_route=\/wp\/v2\/pages"}],"about":[{"href":"https:\/\/aeriscrm.com\/index.php?rest_route=\/wp\/v2\/types\/page"}],"author":[{"embeddable":true,"href":"https:\/\/aeriscrm.com\/index.php?rest_route=\/wp\/v2\/users\/1"}],"replies":[{"embeddable":true,"href":"https:\/\/aeriscrm.com\/index.php?rest_route=%2Fwp%2Fv2%2Fcomments&post=406"}],"version-history":[{"count":3,"href":"https:\/\/aeriscrm.com\/index.php?rest_route=\/wp\/v2\/pages\/406\/revisions"}],"predecessor-version":[{"id":709,"href":"https:\/\/aeriscrm.com\/index.php?rest_route=\/wp\/v2\/pages\/406\/revisions\/709"}],"wp:attachment":[{"href":"https:\/\/aeriscrm.com\/index.php?rest_route=%2Fwp%2Fv2%2Fmedia&parent=406"}],"curies":[{"name":"wp","href":"https:\/\/api.w.org\/{rel}","templated":true}]}}